{"id":189,"date":"2014-01-30T17:35:35","date_gmt":"2014-01-30T15:35:35","guid":{"rendered":"http:\/\/www.klappertopf.at\/?page_id=189"},"modified":"2015-09-03T20:58:38","modified_gmt":"2015-09-03T18:58:38","slug":"willkommen-auf-der-website-von-klappertopf","status":"publish","type":"page","link":"https:\/\/www.klappertopf.at\/","title":{"rendered":"Willkommen auf der Website von Klappertopf!"},"content":{"rendered":"<p>Wir sind eine Lebensmittelkooperative (Foodcoop) im 3. Wiener Gemeindebezirk. Wir beziehen \u00f6kologisch produzierte Lebensmittel direkt von lokalen B\u00e4uerInnen und verteilen sie in Eigenorganisation an unsere Vereinsmitglieder. Unsere Aktivit\u00e4ten zielen darauf ab, regionale Landwirtschaft und kleinb\u00e4uerliche Strukturen zu unterst\u00fctzen. Es gibt viele verschiedene Gr\u00fcnde, warum wir das machen. Zum Beispiel, damit B\u00e4uerInnen einen fairen Preis f\u00fcr ihre Erzeugnisse bekommen. Oder, damit unser Essen nicht in Agrarw\u00fcsten, sondern in artenreichen Kulturlandschaften w\u00e4chst. Und auch, weil es viel Spa\u00df macht!<\/p>\n<div id=\"attachment_192\" style=\"width: 660px\" class=\"wp-caption alignnone\"><img loading=\"lazy\" decoding=\"async\" aria-describedby=\"caption-attachment-192\" class=\"size-full wp-image-192\" src=\"http:\/\/www.klappertopf.at\/wp-content\/uploads\/2015\/01\/2014-09-13-vereinsfest-klappertopf__jakob-15.jpg\" alt=\"Foto vom 1. Vereinsfest\" width=\"650\" height=\"433\" \/><p id=\"caption-attachment-192\" class=\"wp-caption-text\">Foto von einem unserer Vereinsfeste in unserem Lager im Rabenhof im 3. Bezirk<\/p><\/div>\n<p>Der Klappertopf ist ein gemeinn\u00fctziger Verein. Alle T\u00e4tigkeiten werden von ehrenamtlichen Mitgliedern erledigt. Auf diesen Seiten erf\u00e4hrst Du alles Wichtige \u00fcber uns und unsere Aktivit\u00e4ten. Hast Du Fragen, Anregungen, Kommentare? <a title=\"Kontakt\" href=\"http:\/\/www.klappertopf.at\/?page_id=234\">Dann kontaktiere uns!<\/a><a title=\"Kontakt\" href=\"http:\/\/www.klappertopf.at\/?page_id=234\"><span style=\"color: #ff0000;\"><br \/>\n<\/span><\/a><\/p>\n","protected":false},"excerpt":{"rendered":"<p>Wir sind eine Lebensmittelkooperative (Foodcoop) im 3. Wiener Gemeindebezirk. Wir beziehen \u00f6kologisch produzierte Lebensmittel direkt von lokalen B\u00e4uerInnen und verteilen sie in Eigenorganisation an unsere Vereinsmitglieder. Unsere Aktivit\u00e4ten zielen darauf ab, regionale Landwirtschaft und kleinb\u00e4uerliche Strukturen zu unterst\u00fctzen. Es gibt viele verschiedene Gr\u00fcnde, warum wir das machen. Zum Beispiel, damit B\u00e4uerInnen einen fairen Preis f\u00fcr [&hellip;]<\/p>\n","protected":false},"author":2,"featured_media":0,"parent":0,"menu_order":1,"comment_status":"closed","ping_status":"closed","template":"","meta":{"footnotes":""},"class_list":["post-189","page","type-page","status-publish","hentry"],"_links":{"self":[{"href":"https:\/\/www.klappertopf.at\/index.php?rest_route=\/wp\/v2\/pages\/189","targetHints":{"allow":["GET"]}}],"collection":[{"href":"https:\/\/www.klappertopf.at\/index.php?rest_route=\/wp\/v2\/pages"}],"about":[{"href":"https:\/\/www.klappertopf.at\/index.php?rest_route=\/wp\/v2\/types\/page"}],"author":[{"embeddable":true,"href":"https:\/\/www.klappertopf.at\/index.php?rest_route=\/wp\/v2\/users\/2"}],"replies":[{"embeddable":true,"href":"https:\/\/www.klappertopf.at\/index.php?rest_route=%2Fwp%2Fv2%2Fcomments&post=189"}],"version-history":[{"count":24,"href":"https:\/\/www.klappertopf.at\/index.php?rest_route=\/wp\/v2\/pages\/189\/revisions"}],"predecessor-version":[{"id":574,"href":"https:\/\/www.klappertopf.at\/index.php?rest_route=\/wp\/v2\/pages\/189\/revisions\/574"}],"wp:attachment":[{"href":"https:\/\/www.klappertopf.at\/index.php?rest_route=%2Fwp%2Fv2%2Fmedia&parent=189"}],"curies":[{"name":"wp","href":"https:\/\/api.w.org\/{rel}","templated":true}]}}