{"id":205,"date":"2014-01-27T21:42:23","date_gmt":"2014-01-27T19:42:23","guid":{"rendered":"http:\/\/www.klappertopf.at\/?page_id=205"},"modified":"2023-08-05T12:07:24","modified_gmt":"2023-08-05T10:07:24","slug":"03-1-unsere-aktivitaeten","status":"publish","type":"page","link":"https:\/\/www.klappertopf.at\/?page_id=205","title":{"rendered":"Unsere Aktivit\u00e4ten"},"content":{"rendered":"<h2>Lebensmittel<\/h2>\n<p>Herzst\u00fcck unserer Aktivit\u00e4ten ist das Verteilen von Lebensmitteln aus biologischer und kleinteiliger Produktion. Wir arbeiten mit \u00a0verschiedenen ProduzentInnen (b\u00e4uerlichen Betrieben, Agrargenossenschaften, \u2026) zusammen, die uns mit ihren Erzeugnissen beliefern. Unsere Mitglieder k\u00f6nnen aus den angebotenen Produkten ausw\u00e4hlen und die Lebensmittel \u00fcber eine eigene Online-Software (Foodsoft) von zuhause aus bestellen. Die gelieferten Lebensmittel lagern wir in unserem Vereinslokal im <a href=\"http:\/\/de.wikipedia.org\/wiki\/Rabenhof_(Wien)\" target=\"_blank\" rel=\"noopener\">Rabenhof<\/a>. W\u00e4hrend der Lagerdienste kommen unsere Vereinsmitglieder und holen sich ihre bestellten Lebensmittel ab.<\/p>\n<p>Wir bem\u00fchen uns um eine breite Produktpalette. Neben frischem Obst und Gem\u00fcse bestellen wir auch Milchprodukte, Brot und haltbare Lagerware wie S\u00e4fte, Wein, Getreide uvm. Unsere ProduzentInnen kommen zum \u00fcberwiegenden Teil aus Wien und Nieder\u00f6sterreich. Produkte wie Oliven\u00f6l, Orangen oder Zitronen bestellen wir fallweise (zusammen mit anderen FoodCoops) von Biobetrieben aus S\u00fcdeuropa.<\/p>\n<p>Eine Liste unsere Produzentinnen findest Du <span style=\"color: #ff0000;\"><a title=\"Links\" href=\"http:\/\/www.klappertopf.at\/?page_id=239\">hier<\/a><span style=\"color: #000000;\">.<\/span><\/span><\/p>\n<p><a href=\"https:\/\/www.klappertopf.at\/wp-content\/uploads\/2023\/08\/KLAPPERTOPF_2022_nataliglisic_19_Web1-1.png\"><img loading=\"lazy\" decoding=\"async\" class=\"size-full wp-image-742 aligncenter\" src=\"https:\/\/www.klappertopf.at\/wp-content\/uploads\/2023\/08\/KLAPPERTOPF_2022_nataliglisic_19_Web1-1.png\" alt=\"\" width=\"500\" height=\"353\" srcset=\"https:\/\/www.klappertopf.at\/wp-content\/uploads\/2023\/08\/KLAPPERTOPF_2022_nataliglisic_19_Web1-1.png 500w, https:\/\/www.klappertopf.at\/wp-content\/uploads\/2023\/08\/KLAPPERTOPF_2022_nataliglisic_19_Web1-1-300x212.png 300w\" sizes=\"auto, (max-width: 500px) 100vw, 500px\" \/><\/a><\/p>\n<h2><strong>Lager &amp; Verwaltung<\/strong><\/h2>\n<p>Damit das Verteilen der Lebensmittel reibungslos funktioniert, gibt es den Lagerdienst. Abwechselnd k\u00fcmmern sich verschiedene Mitglieder um das Einr\u00e4umen der Ware, die Ausgabe der Lebensmittel w\u00e4hrend der Lagerdienste und ums Saubermachen. Auch die Abrechnung und die Buchhaltung sind ein Teil der regelm\u00e4\u00dfig anfallenden Aufgaben.<\/p>\n<p style=\"text-align: center;\"><a href=\"https:\/\/www.klappertopf.at\/wp-content\/uploads\/2023\/08\/KLAPPERTOPF_2022_nataliglisic_33_Web3.png\"><img loading=\"lazy\" decoding=\"async\" class=\"alignnone size-full wp-image-738\" src=\"https:\/\/www.klappertopf.at\/wp-content\/uploads\/2023\/08\/KLAPPERTOPF_2022_nataliglisic_33_Web3.png\" alt=\"\" width=\"400\" height=\"621\" srcset=\"https:\/\/www.klappertopf.at\/wp-content\/uploads\/2023\/08\/KLAPPERTOPF_2022_nataliglisic_33_Web3.png 400w, https:\/\/www.klappertopf.at\/wp-content\/uploads\/2023\/08\/KLAPPERTOPF_2022_nataliglisic_33_Web3-193x300.png 193w\" sizes=\"auto, (max-width: 400px) 100vw, 400px\" \/><\/a><\/p>\n<h2><strong>Im Verein<\/strong><\/h2>\n<p>Im Verein k\u00fcmmern sich <a title=\"Arbeitsgruppen\" href=\"http:\/\/www.klappertopf.at\/?page_id=214\">Arbeitsgruppen<\/a>\u00a0(z.B.: Verein, Finanzen, ProduzentInnen,\u2026) um die verschiedenen Aufgaben. Die Mitglieder einer Arbeitsgruppe treffen sich, diskutieren was zu tun ist und erledigen das dann. Wichtige Entscheidungen werden von allen Mitgliedern gemeinsam im monatlichen <i>Plenum<\/i> (Mitgliederversammlung) diskutiert und beschlossen. Das <i>Plenum<\/i> ist unser wichtigstes Entscheidungsorgan. Bei allen Entscheidungen gilt eine Zwei-Drittel-Mehrheit. Ungeachtet des Abstimmungsmodus bem\u00fchen wir uns in der Entscheidungsfindung um Konsensentscheidungen, damit niemand \u00fcbergangen wird.<\/p>\n<p>Wie in jedem Verein gibt es auch bei uns einen Vorstand, bestehend aus SprecherIn, Schriftf\u00fchrerIn, FinanzreferentIn und deren StellvertreterInnen. Unser Vorstand hat keine besondere Entscheidungsgewalt, sondern erf\u00fcllt einen repr\u00e4sentativen Zweck (alle Details zu unserer Vereinsstruktur findest <span style=\"color: #000000;\">Du in unseren <a title=\"Statuten\" href=\"http:\/\/www.klappertopf.at\/?page_id=54\">Statuten<\/a>.<\/span><\/p>\n<p>Die interne Vereinskommunikation erfolgt (neben den pers\u00f6nlichen Treffen bei Plena, im Lager etc.) \u00fcber eine eigene \u201eWiki\u201c-Seite sowie \u00fcber E-Mails und Telefon.<\/p>\n<h2><strong>Netzwerken<\/strong><\/h2>\n<p>Als FoodCoop wollen wir erreichen, dass sich die Idee von selbstbestimmten Lebensmittel-Netzwerken weiter verbreitet. Zu diesem Zweck machen wir z.B. Aush\u00e4nge oder Flyer und vernetzen uns mit anderen FoodCoops. Au\u00dferdem wollen wir auch \u00f6ffentliche Veranstaltungen in unserem Bezirk machen.<\/p>\n<p>Ein weiterer Draht nach \u201eau\u00dfen\u201c sind die \u201eSpeisereisen\u201c: Bei gemeinsamen Ausfl\u00fcgen besuchen wir ProduzentInnen und lernen sie und ihre Arbeit kennen.<\/p>\n<p>Alle Mitglieder vom Klappertopf engagieren sich ehrenamtlich. Wir machen keinen Profit mit unseren Aktivit\u00e4ten.<\/p>\n","protected":false},"excerpt":{"rendered":"<p>Lebensmittel Herzst\u00fcck unserer Aktivit\u00e4ten ist das Verteilen von Lebensmitteln aus biologischer und kleinteiliger Produktion. Wir arbeiten mit \u00a0verschiedenen ProduzentInnen (b\u00e4uerlichen Betrieben, Agrargenossenschaften, \u2026) zusammen, die uns mit ihren Erzeugnissen beliefern. Unsere Mitglieder k\u00f6nnen aus den angebotenen Produkten ausw\u00e4hlen und die Lebensmittel \u00fcber eine eigene Online-Software (Foodsoft) von zuhause aus bestellen. Die gelieferten Lebensmittel lagern wir [&hellip;]<\/p>\n","protected":false},"author":2,"featured_media":0,"parent":203,"menu_order":1,"comment_status":"closed","ping_status":"closed","template":"","meta":{"footnotes":""},"class_list":["post-205","page","type-page","status-publish","hentry"],"_links":{"self":[{"href":"https:\/\/www.klappertopf.at\/index.php?rest_route=\/wp\/v2\/pages\/205","targetHints":{"allow":["GET"]}}],"collection":[{"href":"https:\/\/www.klappertopf.at\/index.php?rest_route=\/wp\/v2\/pages"}],"about":[{"href":"https:\/\/www.klappertopf.at\/index.php?rest_route=\/wp\/v2\/types\/page"}],"author":[{"embeddable":true,"href":"https:\/\/www.klappertopf.at\/index.php?rest_route=\/wp\/v2\/users\/2"}],"replies":[{"embeddable":true,"href":"https:\/\/www.klappertopf.at\/index.php?rest_route=%2Fwp%2Fv2%2Fcomments&post=205"}],"version-history":[{"count":9,"href":"https:\/\/www.klappertopf.at\/index.php?rest_route=\/wp\/v2\/pages\/205\/revisions"}],"predecessor-version":[{"id":743,"href":"https:\/\/www.klappertopf.at\/index.php?rest_route=\/wp\/v2\/pages\/205\/revisions\/743"}],"up":[{"embeddable":true,"href":"https:\/\/www.klappertopf.at\/index.php?rest_route=\/wp\/v2\/pages\/203"}],"wp:attachment":[{"href":"https:\/\/www.klappertopf.at\/index.php?rest_route=%2Fwp%2Fv2%2Fmedia&parent=205"}],"curies":[{"name":"wp","href":"https:\/\/api.w.org\/{rel}","templated":true}]}}