{"id":214,"date":"2014-01-27T21:42:23","date_gmt":"2014-01-27T19:42:23","guid":{"rendered":"http:\/\/www.klappertopf.at\/?page_id=214"},"modified":"2023-08-05T12:14:10","modified_gmt":"2023-08-05T10:14:10","slug":"03-2-arbeitsgruppen","status":"publish","type":"page","link":"https:\/\/www.klappertopf.at\/?page_id=214","title":{"rendered":"Arbeitsgruppen"},"content":{"rendered":"<header>\n<h1>Verein<\/h1>\n<\/header>\n<div>\n<p dir=\"ltr\">Um die Food-Coop Klappertopf besser zu koordinieren und die Arbeiten aufzuteilen, haben sich einige Mitglieder in Arbeitsgruppen zusammen geschlossen. Jede AG hat eine\/n SprecherIn, um die Kommunikationswege effizient zu halten.\u00a0Derzeit gibt es folgende AGs mit nachstehenden Aufgaben:<\/p>\n<h3 dir=\"ltr\">Finanz-AG<\/h3>\n<p dir=\"ltr\">Die Finanz-AG sorgt f\u00fcr eine ordnungsgem\u00e4\u00dfe und fristgerechte Abwicklung der Vereinsfinanzen (Einnahmen und Ausgaben). Dies beinhaltet das Verwalten und Kontrollieren des Vereinskontos (z.B.: die monatlichen Mitgliedsbeitr\u00e4ge), die \u00dcberpr\u00fcfung und Bezahlung aller Rechnungen und den w\u00f6chentlichen \u00dcbertrag der einbezahlten Bestellguthaben in die Foodsoft. Alle Einnahmen und Ausgaben werden f\u00fcr einen besseren \u00dcberblick \u00fcber eine Buchhaltungssoftware von der Finanz-AG erfasst. Bei den Plena informiert die Finanz-AG die Mitglieder \u00fcber die Finanzlage des Vereins.<\/p>\n<h3 dir=\"ltr\">IT-AG<\/h3>\n<p dir=\"ltr\">Die IT-AG ist f\u00fcr\u00a0die Wartung und den Betrieb der vom Klappertopf verwendeten Infrastruktur und Software zust\u00e4ndig. Weiters k\u00fcmmert sie sich um die\u00a0Benutzerverwaltung.<\/p>\n<h3 dir=\"ltr\">Kommunikations-AG<\/h3>\n<p dir=\"ltr\">Die AG Kommunikation betreut die Klappertopf-Email-Adresse\u00a0<a href=\"&#109;&#x61;i&#108;&#x74;o&#x3a;&#x66;&#111;&#x6f;d&#99;&#x6f;o&#112;&#x31;&#48;&#x33;0&#64;&#x67;m&#97;&#x69;&#108;&#x2e;&#x63;&#111;&#x6d;\" target=\"_blank\" rel=\"noopener\">food<wbr \/>c&#111;&#111;&#112;&#x31;&#x30;&#x33;0&#64;&#103;&#109;&#x61;&#x69;&#x6c;&#x2e;co&#109;<\/a>\u00a0und \u00fcbernimmt im Zuge dessen die Kommunikation mit Interessent*innen. Weiters k\u00fcmmert sie sich um Informationsweitergabe innerhalb des Vereins.\u00a0Einmal im Monat organisiert die AG Kommunikation ein Plenum und ist dabei f\u00fcr das Erstellen der Agenda, Moderation und Nachbereitung\u00a0verantwortlich.<\/p>\n<h3 dir=\"ltr\">Lager Ablauf-AG<\/h3>\n<p dir=\"ltr\">Der Aufgabenbereich der Lager AG umfasst die Organisation der Lagerbetreuung, die \u00dcberpr\u00fcfung der Lebensmittellieferungen sowie die generelle Verwaltung der Waren. Ein bis zwei Mitglieder betreuen w\u00e4hrend der w\u00f6chentlichen \u00d6ffnungszeiten das Lager, helfen beim Verteilen der Frischwaren und behalten auch einen \u00dcberblick \u00fcber die Lagerware. In die Zust\u00e4ndigkeit dieser AG fallen auch die Pflege der Lagerr\u00e4umlichkeiten. Au\u00dferdem arbeitet sie eng mit der Einrichtungs AG, der ProduzentInnen AG und der Finanz AG zusammen. Zur Lagerbetreuung sind \u00fcbrigens auch Mitglieder anderer AGs eingeladen.<\/p>\n<p dir=\"ltr\" style=\"text-align: center;\"><a href=\"https:\/\/www.klappertopf.at\/wp-content\/uploads\/2023\/08\/KLAPPERTOPF_2022_nataliglisic_43_Web1.png\"><img loading=\"lazy\" decoding=\"async\" class=\"alignnone size-full wp-image-747\" src=\"https:\/\/www.klappertopf.at\/wp-content\/uploads\/2023\/08\/KLAPPERTOPF_2022_nataliglisic_43_Web1.png\" alt=\"\" width=\"400\" height=\"621\" srcset=\"https:\/\/www.klappertopf.at\/wp-content\/uploads\/2023\/08\/KLAPPERTOPF_2022_nataliglisic_43_Web1.png 400w, https:\/\/www.klappertopf.at\/wp-content\/uploads\/2023\/08\/KLAPPERTOPF_2022_nataliglisic_43_Web1-193x300.png 193w\" sizes=\"auto, (max-width: 400px) 100vw, 400px\" \/><\/a><\/p>\n<h3 dir=\"ltr\">Lager Einrichtungs-AG<\/h3>\n<p>Die Lager Einrichtungs AG ist f\u00fcr die Einrichtung und Instandhaltung des Lagers zust\u00e4ndig.<\/p>\n<h3 dir=\"ltr\">Lager Pflege-AG<\/h3>\n<p>Die Lager Pflege-AG k\u00fcmmert sich um die Sauberkeit im Lager. Zus\u00e4tzlich koordiniert und f\u00fchrt sie den Quartalsputz durch.<\/p>\n<h3 dir=\"ltr\">\u00d6ffentlichkeits-AG<\/h3>\n<p dir=\"ltr\">Die AG-\u00d6ffentlichkeitsarbeit ist f\u00fcr die Kommunikation nach au\u00dfen zust\u00e4ndig. Sie gestaltet Informationsmaterialien und wartet die Website. Sie netzwerkt mit Foodcoops und anderen Organisationen, vertritt den Verein bei Veranstaltungen und beantwortet Anfragen von Au\u00dfenstehenden. Die \u00d6A-AG hilft auch bei der Organisation von \u00f6ffentlichen Veranstaltungen unserer Foodcoop. Ein weiterer Aufgabenbereich ist die Suche nach F\u00f6rderungen.<\/p>\n<h3 dir=\"ltr\">ProduzentInnen-AG<\/h3>\n<p>Die ProduzentInnen-AG ist f\u00fcr das Beschaffen der Waren zust\u00e4ndig. Sie sucht nach regionalen ProduzentInnen, die unsere Foodcoop u.a. mit biologischen Lebensmitteln beliefern. Nachdem der Kontakt zu ihnen hergrstellt ist, k\u00fcmmert sie sich um die Abwicklung der Bestellungen. Au\u00dferdem organisiert die AG regelm\u00e4\u00dfig \u00a0so genannte \u201eSpeisereisen\u201c der Foodcoop \u2013 gemeinsame Ausfl\u00fcge zu den ProduzentInnen, um die Menschen und ihren Hof kennenzulernen.<\/p>\n<h3 dir=\"ltr\">Transport-AG<\/h3>\n<p>Die Transport-AG k\u00fcmmert sich um aufwendigere Transporte, z.B. Abholungen nach Gemeinschaftsbestellungen mit anderen Foodcoops oder neue Einrichtungsgegenst\u00e4nde f\u00fcr unser Lager.<\/p>\n<h3 dir=\"ltr\">Vereins-AG<\/h3>\n<p dir=\"ltr\">Die Vereins-AG erstellt und aktualisiert laufend die Vereinspraxis. Sie gibt Auskunft bei Fragen zu den Statuten. Sie hilft bei der Organisation der j\u00e4hrlichen Mitgliederversammlung und informiert die Vereinsbeh\u00f6rde \u00fcber etwaige \u00c4nderungen im Vorstand oder den Statuten. Die Vereins-AG steht allen Mitgliedern f\u00fcr Fragen zum Verein und zur Mitgliedschaft zur Verf\u00fcgung. Au\u00dferdem k\u00fcmmert sich die Vereins-AG um InteressentInnen und neue Mitglieder. Sie hilft beim &#8222;Infoabend&#8220; mit und steht auf Anfrage w\u00e4hrend des Lagerdienstes f\u00fcr Ausk\u00fcnfte zur Verf\u00fcgung.<\/p>\n<\/div>\n","protected":false},"excerpt":{"rendered":"<p>Verein Um die Food-Coop Klappertopf besser zu koordinieren und die Arbeiten aufzuteilen, haben sich einige Mitglieder in Arbeitsgruppen zusammen geschlossen. Jede AG hat eine\/n SprecherIn, um die Kommunikationswege effizient zu halten.\u00a0Derzeit gibt es folgende AGs mit nachstehenden Aufgaben: Finanz-AG Die Finanz-AG sorgt f\u00fcr eine ordnungsgem\u00e4\u00dfe und fristgerechte Abwicklung der Vereinsfinanzen (Einnahmen und Ausgaben). Dies beinhaltet [&hellip;]<\/p>\n","protected":false},"author":2,"featured_media":0,"parent":203,"menu_order":3,"comment_status":"closed","ping_status":"closed","template":"","meta":{"footnotes":""},"class_list":["post-214","page","type-page","status-publish","hentry"],"_links":{"self":[{"href":"https:\/\/www.klappertopf.at\/index.php?rest_route=\/wp\/v2\/pages\/214","targetHints":{"allow":["GET"]}}],"collection":[{"href":"https:\/\/www.klappertopf.at\/index.php?rest_route=\/wp\/v2\/pages"}],"about":[{"href":"https:\/\/www.klappertopf.at\/index.php?rest_route=\/wp\/v2\/types\/page"}],"author":[{"embeddable":true,"href":"https:\/\/www.klappertopf.at\/index.php?rest_route=\/wp\/v2\/users\/2"}],"replies":[{"embeddable":true,"href":"https:\/\/www.klappertopf.at\/index.php?rest_route=%2Fwp%2Fv2%2Fcomments&post=214"}],"version-history":[{"count":8,"href":"https:\/\/www.klappertopf.at\/index.php?rest_route=\/wp\/v2\/pages\/214\/revisions"}],"predecessor-version":[{"id":750,"href":"https:\/\/www.klappertopf.at\/index.php?rest_route=\/wp\/v2\/pages\/214\/revisions\/750"}],"up":[{"embeddable":true,"href":"https:\/\/www.klappertopf.at\/index.php?rest_route=\/wp\/v2\/pages\/203"}],"wp:attachment":[{"href":"https:\/\/www.klappertopf.at\/index.php?rest_route=%2Fwp%2Fv2%2Fmedia&parent=214"}],"curies":[{"name":"wp","href":"https:\/\/api.w.org\/{rel}","templated":true}]}}