{"id":216,"date":"2014-01-27T21:19:34","date_gmt":"2014-01-27T19:19:34","guid":{"rendered":"http:\/\/www.klappertopf.at\/?page_id=216"},"modified":"2025-04-06T22:02:39","modified_gmt":"2025-04-06T20:02:39","slug":"03-3-mitmachen","status":"publish","type":"page","link":"https:\/\/www.klappertopf.at\/?page_id=216","title":{"rendered":"Mitmachen"},"content":{"rendered":"<p>M\u00f6chtest Du unserer Lebensmittelkooperative beitreten? Dann melde Dich bei uns. Unser Mitgliederkontingent ist begrenzt &#8211; ob wir noch freie Pl\u00e4tze haben, erf\u00e4hrst Du <a title=\"FAQ\" href=\"http:\/\/www.klappertopf.at\/?page_id=237\">hier<\/a>. Voraussetzung f\u00fcr die Mitgliedschaft ist die Teilnahme an einem &#8222;Infoabend&#8220; und ein anschlie\u00dfender Besuch bei einem unserer Plena. So kannst Du Dir unser Lager ansehen und Dir ein Bild von unseren Aktivit\u00e4ten und unserer Arbeitsweise machen. Wenn es Dir bei uns gef\u00e4llt, steht Deiner Mitgliedschaft nichts mehr im Wege.<\/p>\n<h2><strong>Mitgliedschaft<\/strong><\/h2>\n<p>Der Klappertopf ist ein Verein. Um \u00fcber unsere Lebensmittelkooperative Lebensmittel zu bestellen, musst Du Mitglied im Verein werden.<\/p>\n<h2>Es gibt zwei Arten der Mitgliedschaft<\/h2>\n<p>(1) Aktives Mitglied: engagiert sich (ehrenamtlich) im Verein \u00fcber die Mitarbeit in einer Arbeitsgruppe. Zu den m\u00f6glichen T\u00e4tigkeiten geh\u00f6ren u.a. Lagerdienst, Betreuen der Website, Buchhaltung, \u00d6ffentlichkeitsarbeit, Kommunikation zwischen den Vereinsmitgliedern und die Suche nach ProduzentInnen. Der Zeitaufwand betr\u00e4gt ca. 4-8 Stunden pro Monat.<\/p>\n<p>(2) Passives Mitglied: bezieht bei uns Lebensmittel, arbeitet aber nicht aktiv im Verein mit. Passive Mitglieder m\u00fcssen allerdings Teil einer Bestellgruppe mit mindestens einem aktiven Mitglied sein.<\/p>\n<h2>Mitgliedsbeitrag<\/h2>\n<p>Wir heben einen monatlichen Mitgliedsbeitrag ein, um die laufenden Kosten des Vereins zu decken (z.B.: Miete, Strom\/Heizung, Kontof\u00fchrung, \u2026).<\/p>\n<p>Um m\u00f6glichst jedem eine Mitgliedschaft zu erm\u00f6glichen bewegt sich der Mitgliedsbeitrag f\u00fcr aktive Mitglieder je nach Selbsteinsch\u00e4tzung zwischen 45 und 70 Euro im Halbjahr, f\u00fcr passive Mitglieder zwischen 90 und 120 Euro im Halbjahr.<\/p>\n<h2>Hintergrund<\/h2>\n<p>Im Klappertopf geht es nicht nur darum, gute Lebensmittel zu bestellen. Es ist uns wichtig, dass wir die anfallenden Arbeiten selbst organisieren anstatt den Superm\u00e4rkten das Feld zu \u00fcberlassen. Darum ist das Engagement in einer Foodcoop wie dem Klappertopf auch mit pers\u00f6nlichem Einsatz verbunden. Au\u00dferdem geht es uns darum, uns mit den LandwirtInnen zu solidarisieren, damit sie vom Verkauf ihrer Produkte leben k\u00f6nnen. Deshalb beziehen wir die Lebensmittel nicht zum billigsten Preis, sondern zahlen, was die B\u00e4uerinnen und Bauern f\u00fcr ihre Erzeugnisse bekommen m\u00f6chten.<\/p>\n<p>Kannst Du unseren <a title=\"Ziele\" href=\"http:\/\/www.klappertopf.at\/?page_id=228\">Zielen<\/a>\u00a0etwas abgewinnen? <a title=\"Kontakt\" href=\"http:\/\/www.klappertopf.at\/?page_id=234\">Dann melde Dich bei uns!<\/a><span style=\"color: #000000;\"><a title=\"Kontakt\" href=\"http:\/\/www.klappertopf.at\/?page_id=234\"><span style=\"color: #000000;\"><br \/>\n<\/span><\/a><\/span><\/p>\n","protected":false},"excerpt":{"rendered":"<p>M\u00f6chtest Du unserer Lebensmittelkooperative beitreten? Dann melde Dich bei uns. Unser Mitgliederkontingent ist begrenzt &#8211; ob wir noch freie Pl\u00e4tze haben, erf\u00e4hrst Du hier. Voraussetzung f\u00fcr die Mitgliedschaft ist die Teilnahme an einem &#8222;Infoabend&#8220; und ein anschlie\u00dfender Besuch bei einem unserer Plena. So kannst Du Dir unser Lager ansehen und Dir ein Bild von unseren [&hellip;]<\/p>\n","protected":false},"author":2,"featured_media":0,"parent":203,"menu_order":2,"comment_status":"closed","ping_status":"closed","template":"","meta":{"footnotes":""},"class_list":["post-216","page","type-page","status-publish","hentry"],"_links":{"self":[{"href":"https:\/\/www.klappertopf.at\/index.php?rest_route=\/wp\/v2\/pages\/216","targetHints":{"allow":["GET"]}}],"collection":[{"href":"https:\/\/www.klappertopf.at\/index.php?rest_route=\/wp\/v2\/pages"}],"about":[{"href":"https:\/\/www.klappertopf.at\/index.php?rest_route=\/wp\/v2\/types\/page"}],"author":[{"embeddable":true,"href":"https:\/\/www.klappertopf.at\/index.php?rest_route=\/wp\/v2\/users\/2"}],"replies":[{"embeddable":true,"href":"https:\/\/www.klappertopf.at\/index.php?rest_route=%2Fwp%2Fv2%2Fcomments&post=216"}],"version-history":[{"count":14,"href":"https:\/\/www.klappertopf.at\/index.php?rest_route=\/wp\/v2\/pages\/216\/revisions"}],"predecessor-version":[{"id":765,"href":"https:\/\/www.klappertopf.at\/index.php?rest_route=\/wp\/v2\/pages\/216\/revisions\/765"}],"up":[{"embeddable":true,"href":"https:\/\/www.klappertopf.at\/index.php?rest_route=\/wp\/v2\/pages\/203"}],"wp:attachment":[{"href":"https:\/\/www.klappertopf.at\/index.php?rest_route=%2Fwp%2Fv2%2Fmedia&parent=216"}],"curies":[{"name":"wp","href":"https:\/\/api.w.org\/{rel}","templated":true}]}}